{"id":208,"date":"2025-11-27T02:11:24","date_gmt":"2025-11-27T01:11:24","guid":{"rendered":"https:\/\/almalegal.pl\/?page_id=208"},"modified":"2025-12-03T00:37:07","modified_gmt":"2025-12-02T23:37:07","slug":"polityka-prywatnosci","status":"publish","type":"page","link":"https:\/\/almalegal.pl\/en\/polityka-prywatnosci\/","title":{"rendered":"Privacy policy"},"content":{"rendered":"","protected":false},"excerpt":{"rendered":"","protected":false},"author":1,"featured_media":0,"parent":0,"menu_order":2,"comment_status":"closed","ping_status":"closed","template":"","meta":[],"class_list":["post-208","page","type-page","status-publish","hentry"],"yoast_head":"<!-- This site is optimized with the Yoast SEO plugin v26.5 - https:\/\/yoast.com\/wordpress\/plugins\/seo\/ -->\n<title>Privacy policy - Alma Legal<\/title>\n<meta name=\"robots\" content=\"index, follow, max-snippet:-1, max-image-preview:large, max-video-preview:-1\" \/>\n<link rel=\"canonical\" href=\"https:\/\/almalegal.pl\/polityka-prywatnosci\/\" \/>\n<meta property=\"og:locale\" content=\"en_US\" \/>\n<meta property=\"og:type\" content=\"article\" \/>\n<meta property=\"og:title\" content=\"[:pl]Polityka prywatno\u015bci[:en]Privacy policy[:] - Alma Legal\" \/>\n<meta property=\"og:url\" content=\"https:\/\/almalegal.pl\/polityka-prywatnosci\/\" \/>\n<meta property=\"og:site_name\" content=\"Alma Legal\" \/>\n<meta property=\"article:modified_time\" content=\"2025-12-02T23:37:07+00:00\" \/>\n<meta property=\"og:image\" content=\"https:\/\/almalegal.pl\/wp-content\/uploads\/2025\/12\/glowna-e1764723150133.jpg\" \/>\n\t<meta property=\"og:image:width\" content=\"1200\" \/>\n\t<meta property=\"og:image:height\" content=\"676\" \/>\n\t<meta property=\"og:image:type\" content=\"image\/jpeg\" \/>\n<meta name=\"twitter:card\" content=\"summary_large_image\" \/>\n<script type=\"application\/ld+json\" class=\"yoast-schema-graph\">{\"@context\":\"https:\/\/schema.org\",\"@graph\":[{\"@type\":\"WebPage\",\"@id\":\"https:\/\/almalegal.pl\/polityka-prywatnosci\/\",\"url\":\"https:\/\/almalegal.pl\/polityka-prywatnosci\/\",\"name\":\"[:pl]Polityka prywatno\u015bci[:en]Privacy policy[:] - Alma Legal\",\"isPartOf\":{\"@id\":\"https:\/\/almalegal.pl\/#website\"},\"datePublished\":\"2025-11-27T01:11:24+00:00\",\"dateModified\":\"2025-12-02T23:37:07+00:00\",\"breadcrumb\":{\"@id\":\"https:\/\/almalegal.pl\/polityka-prywatnosci\/#breadcrumb\"},\"inLanguage\":\"en-US\",\"potentialAction\":[{\"@type\":\"ReadAction\",\"target\":[\"https:\/\/almalegal.pl\/polityka-prywatnosci\/\"]}]},{\"@type\":\"BreadcrumbList\",\"@id\":\"https:\/\/almalegal.pl\/polityka-prywatnosci\/#breadcrumb\",\"itemListElement\":[{\"@type\":\"ListItem\",\"position\":1,\"name\":\"Strona g\u0142\u00f3wna\",\"item\":\"https:\/\/almalegal.pl\/\"},{\"@type\":\"ListItem\",\"position\":2,\"name\":\"Polityka prywatno\u015bci\"}]},{\"@type\":\"WebSite\",\"@id\":\"https:\/\/almalegal.pl\/#website\",\"url\":\"https:\/\/almalegal.pl\/\",\"name\":\"Alma Legal\",\"description\":\"Jeste\u015bmy po Twojej stronie\",\"publisher\":{\"@id\":\"https:\/\/almalegal.pl\/#organization\"},\"potentialAction\":[{\"@type\":\"SearchAction\",\"target\":{\"@type\":\"EntryPoint\",\"urlTemplate\":\"https:\/\/almalegal.pl\/?s={search_term_string}\"},\"query-input\":{\"@type\":\"PropertyValueSpecification\",\"valueRequired\":true,\"valueName\":\"search_term_string\"}}],\"inLanguage\":\"en-US\"},{\"@type\":\"Organization\",\"@id\":\"https:\/\/almalegal.pl\/#organization\",\"name\":\"Alma Legal\",\"url\":\"https:\/\/almalegal.pl\/\",\"logo\":{\"@type\":\"ImageObject\",\"inLanguage\":\"en-US\",\"@id\":\"https:\/\/almalegal.pl\/#\/schema\/logo\/image\/\",\"url\":\"https:\/\/almalegal.pl\/wp-content\/uploads\/2025\/11\/cropped-png-favicon23.png\",\"contentUrl\":\"https:\/\/almalegal.pl\/wp-content\/uploads\/2025\/11\/cropped-png-favicon23.png\",\"width\":512,\"height\":512,\"caption\":\"Alma Legal\"},\"image\":{\"@id\":\"https:\/\/almalegal.pl\/#\/schema\/logo\/image\/\"}}]}<\/script>\n<!-- \/ Yoast SEO plugin. -->","yoast_head_json":{"title":"[:pl]Polityka prywatno\u015bci[:en]Privacy policy[:] - Alma Legal","robots":{"index":"index","follow":"follow","max-snippet":"max-snippet:-1","max-image-preview":"max-image-preview:large","max-video-preview":"max-video-preview:-1"},"canonical":"https:\/\/almalegal.pl\/polityka-prywatnosci\/","og_locale":"en_US","og_type":"article","og_title":"[:pl]Polityka prywatno\u015bci[:en]Privacy policy[:] - Alma Legal","og_url":"https:\/\/almalegal.pl\/polityka-prywatnosci\/","og_site_name":"Alma Legal","article_modified_time":"2025-12-02T23:37:07+00:00","og_image":[{"width":1200,"height":676,"url":"https:\/\/almalegal.pl\/wp-content\/uploads\/2025\/12\/glowna-e1764723150133.jpg","type":"image\/jpeg"}],"twitter_card":"summary_large_image","schema":{"@context":"https:\/\/schema.org","@graph":[{"@type":"WebPage","@id":"https:\/\/almalegal.pl\/polityka-prywatnosci\/","url":"https:\/\/almalegal.pl\/polityka-prywatnosci\/","name":"[:pl]Polityka prywatno\u015bci[:en]Privacy policy[:] - Alma Legal","isPartOf":{"@id":"https:\/\/almalegal.pl\/#website"},"datePublished":"2025-11-27T01:11:24+00:00","dateModified":"2025-12-02T23:37:07+00:00","breadcrumb":{"@id":"https:\/\/almalegal.pl\/polityka-prywatnosci\/#breadcrumb"},"inLanguage":"en-US","potentialAction":[{"@type":"ReadAction","target":["https:\/\/almalegal.pl\/polityka-prywatnosci\/"]}]},{"@type":"BreadcrumbList","@id":"https:\/\/almalegal.pl\/polityka-prywatnosci\/#breadcrumb","itemListElement":[{"@type":"ListItem","position":1,"name":"Strona g\u0142\u00f3wna","item":"https:\/\/almalegal.pl\/"},{"@type":"ListItem","position":2,"name":"Polityka prywatno\u015bci"}]},{"@type":"WebSite","@id":"https:\/\/almalegal.pl\/#website","url":"https:\/\/almalegal.pl\/","name":"Alma Legal","description":"Jeste\u015bmy po Twojej stronie","publisher":{"@id":"https:\/\/almalegal.pl\/#organization"},"potentialAction":[{"@type":"SearchAction","target":{"@type":"EntryPoint","urlTemplate":"https:\/\/almalegal.pl\/?s={search_term_string}"},"query-input":{"@type":"PropertyValueSpecification","valueRequired":true,"valueName":"search_term_string"}}],"inLanguage":"en-US"},{"@type":"Organization","@id":"https:\/\/almalegal.pl\/#organization","name":"Alma Legal","url":"https:\/\/almalegal.pl\/","logo":{"@type":"ImageObject","inLanguage":"en-US","@id":"https:\/\/almalegal.pl\/#\/schema\/logo\/image\/","url":"https:\/\/almalegal.pl\/wp-content\/uploads\/2025\/11\/cropped-png-favicon23.png","contentUrl":"https:\/\/almalegal.pl\/wp-content\/uploads\/2025\/11\/cropped-png-favicon23.png","width":512,"height":512,"caption":"Alma Legal"},"image":{"@id":"https:\/\/almalegal.pl\/#\/schema\/logo\/image\/"}}]}},"grid":"{\r\n  \"colCount\": 12,\r\n  \"colGutter\": 1,\r\n  \"rowGutters\": [],\r\n  \"frameMargin\": 5,\r\n  \"leftFrameMargin\": 10,\r\n  \"rightFrameMargin\": 0,\r\n  \"topFrameMargin\": 10,\r\n  \"mus\": {\r\n    \"colGutterMu\": \"%\",\r\n    \"rowGutterMu\": \"%\",\r\n    \"topFrameMu\": \"%\",\r\n    \"bottomFrameMu\": \"%\",\r\n    \"frameMu\": \"%\"\r\n  },\r\n  \"bottomFrameMargin\": 5,\r\n  \"rowAttrs\": [\r\n    {\r\n      \"relid\": 1\r\n    }\r\n  ],\r\n  \"bgColor\": null,\r\n  \"bgImage\": null,\r\n  \"cont\": [\r\n    {\r\n      \"type\": \"text\",\r\n      \"cont\": \"<p style=\\\"line-height: 1.7;\\\"><span style=\\\"font-size: 30px;\\\">Polityka prywatno\u015bci<\/span><\/p><p>\u00a0<\/p><p style=\\\"line-height: 1.7;\\\">POSTANOWIENIA OG\u00d3LNE<br \/>1. Ochrona prywatno\u015bci i bezpiecze\u0144stwo danych osobowych s\u0105 dla nas istotnymi warto\u015bciami. W zwi\u0105zku z tym dbamy, aby nale\u017cycie zabezpiecza\u0107 dane osobowe oraz transparentnie okre\u015bli\u0107 zasady korzystania przez nas z\u00a0tych danych.<br \/>2. Niniejsza polityka prywatno\u015bci (dalej: \u201e<span style=\\\"font-family: n27-bold-webfont;\\\">Polityka Prywatno\u015bci<\/span>\u201d) stanowi realizacj\u0119 obowi\u0105zk\u00f3w informacyjnych na\u0142o\u017conych na administratora danych osobowych przez\u00a0rozporz\u0105dzenie Parlamentu Europejskiego i\u00a0Rady (UE)<br \/>2016\/679 z dnia 27 kwietnia 2016 r. w sprawie ochrony os\u00f3b fizycznych w zwi\u0105zku z przetwarzaniem danych osobowych i w sprawie swobodnego przep\u0142ywu takich danych oraz uchylenia dyrektywy 95\/46\/WE (og\u00f3lne rozporz\u0105dzenie o ochronie danych) (dalej: \u201e<span style=\\\"font-family: n27-bold-webfont;\\\">RODO<\/span>\u201d) oraz w polskich przepisach wydanych w zwi\u0105zku\u00a0\u00a0RODO, w tym ustawie z dnia 10 maja 2018\u00a0r. o\u00a0ochronie danych osobowych.<br \/>3. Administrator zachowuje dane osobowe w poufno\u015bci i zabezpiecza je przed niepowo\u0142anym dost\u0119pem os\u00f3b trzecich na zasadach okre\u015blonych w\u00a0wy\u017cej wskazanych aktach prawnych, a\u00a0tak\u017ce w\u00a0Polityce Prywatno\u015bci.<\/p><p style=\\\"line-height: 1.7;\\\">ADMINISTRATOR DANYCH OSOBOWYCH<br \/>Administratorem danych osobowych jest<span style=\\\"font-family: n27-bold-webfont;\\\"> Kancelaria Adwokacka Adwokat Alan Majewski<span style=\\\"font-family: n27-regular-webfont;\\\">,<\/span><\/span> ul. H. Modrzejewskiej 40A\/3, 75-734 Koszalin, o numerze NIP 6692587880 (dalej: \u201e<span style=\\\"font-family: n27-bold-webfont;\\\">Administrator<\/span>\u201d).<\/p><p style=\\\"line-height: 1.7;\\\">INSPEKTOR OCHRONY DANYCH OSOBOWYCH<br \/>Administrator nie wyznaczy\u0142 inspektora ochrony danych osobowych. W przypadku pyta\u0144 lub w\u0105tpliwo\u015bci dotycz\u0105cych sposobu, formy lub zakresu przetwarzania danych osobowych prosimy o kontakt poprzez adres e-mail: a.majewski@almalegal.pl oraz listownie na adres korespondencyjny: ul. H. Modrzejewskiej 40A\/3, 75-734 Koszalin.<\/p><p style=\\\"line-height: 1.7;\\\">SPOS\u00d3B ORAZ\u00a0CEL PRZETWARZANIA DANYCH<br \/>1. Podanie danych osobowych jest dobrowolne, jednak\u017ce brak ich podania mo\u017ce spowodowa\u0107 brak lub ograniczenie mo\u017cliwo\u015bci \u015bwiadczenia us\u0142ug pomocy prawnej w zakresie, w jakim us\u0142ugi nie mog\u0105 by\u0107 \u015bwiadczone bez posiadania takich danych osobowych.<br \/>2. Dane osobowe s\u0105 przetwarzane przez Administratora w nast\u0119puj\u0105cych z uwzgl\u0119dnieniem nast\u0119puj\u0105cych cel\u00f3w oraz podstaw: marketingowych, tj. poinformowania o najnowszych ofertach, dost\u0119pnych produktach lub promocjach przy wyra\u017conej przez U\u017cytkownika odr\u0119bnej dobrowolnej zgody w formularzu kontaktowym (art. 6 ust. 1 lit. a RODO).w celu wype\u0142nienia ci\u0105\u017c\u0105cych na Administratorze obowi\u0105zk\u00f3w prawnych, w tym wynikaj\u0105cych z przepis\u00f3w podatkowych, przepis\u00f3w o rachunkowo\u015bci, czy te\u017c przepis\u00f3w o przeciwdzia\u0142aniu praniu pieni\u0119dzy i finansowaniu terroryzmu oraz w celu analizy konfliktu interes\u00f3w (art. 6 ust. 1 lit. c RODO); w zakresie w jakim jest to niezb\u0119dne do celu wynikaj\u0105cego z prawnie uzasadnionych interes\u00f3w realizowanych przez Administratora, jakim jest zapewnienie mo\u017cliwo\u015bci dochodzenia oraz obrony przed roszczeniami, marketing us\u0142ug oraz zapewnienie bezpiecze\u0144stwa teleinformatycznego zwi\u0105zanego z witryn\u0105 <span style=\\\"font-family: n27-bold-webfont;\\\">almalegal.pl<\/span> (art. 6 ust. 1 lit. f RODO);<br \/>3. Dane osobowe przetwarzane przez Administratora nie s\u0105 przedmiotem profilowania jako jednej z form zautomatyzowanego przetwarzania danych osobowych.<\/p><p style=\\\"line-height: 1.7;\\\">OKRES PRZETWARZANIA DANYCH<br \/>1. Dane osobowe os\u00f3b podane w celu otrzymania informacji handlowej b\u0119dziemy przetwarza\u0107 przez ca\u0142y czas istnienia naszego uzasadnionego interesu polegaj\u0105cego na marketingu us\u0142ug w\u0142asnych, nie d\u0142u\u017cej ni\u017c do czasu wniesienia sprzeciwu lub wycofania zgody na podstawie ustawy o \u015bwiadczeniu us\u0142ug drog\u0105 elektroniczn\u0105 lub Prawa telekomunikacyjne.<br \/>2. Z up\u0142ywem czasu okre\u015blonego powy\u017cej, dane b\u0119d\u0105 usuwane, o ile ich przetwarzanie nie b\u0119dzie konieczne w oparciu o inn\u0105 podstaw\u0119 prawn\u0105. W przypadku alert\u00f3w prawnych, dane osobowe b\u0119d\u0105 przetwarzane do czasu wyra\u017cenia przez osob\u0119, kt\u00f3re dane dotycz\u0105 sprzeciwu wobec dalszego przetwarzania danych osobowych w celach wysy\u0142ania alert\u00f3w prawnych albo\u00a0odwo\u0142ania zgody na\u00a0wysy\u0142anie wiadomo\u015bci o\u00a0takiej tre\u015bci.<br \/>3. Dane osobowe nie b\u0119d\u0105 przekazywane do pa\u0144stw trzecich (tj. poza Europejski Obszar Gospodarczy). W przypadku przekazania danych osobowych do pa\u0144stw trzecich znajduj\u0105cych si\u0119 poza EOG, Administrator zastosuje odpowiednie instrumenty maj\u0105ce na celu zapewnienie bezpiecze\u0144stwa tych danych.<\/p><p style=\\\"line-height: 1.7;\\\">ODBIORCY DANYCH<br \/>1. Administrator mo\u017ce powierza\u0107 przetwarzanie danych osobowych podmiotom przetwarzaj\u0105cym dane osobowe na zlecenie Administratora, takim jak: dostawca hostingu dla Administratora, dostawca poczty elektronicznej, informatycy, operator telefoniczny, s\u0142u\u017cby pa\u0144stwowe, s\u0105dy, firmy kurierskie oraz\u00a0pocztowe.<br \/>2. Dane osobowe przetwarzane przez Administratora mog\u0105 by\u0107 tak\u017ce udost\u0119pnione odpowiednim organom pa\u0144stwowym na ich \u017c\u0105danie na podstawie odpowiednich przepis\u00f3w prawa lub innym osobom i podmiotom \u2013 w\u00a0przypadkach przewidzianych przez\u00a0przepisy prawa.<br \/>3. Udost\u0119pnienie danych osobowych podmiotom nieuprawnionym wed\u0142ug niniejszej Polityki Prywatno\u015bci, mo\u017ce nast\u0105pi\u0107 wy\u0142\u0105cznie za dobrowoln\u0105 zgod\u0105 wyra\u017con\u0105 przez\u00a0osob\u0119, kt\u00f3rej\u00a0te\u00a0dane dotycz\u0105.<\/p><p style=\\\"line-height: 1.7;\\\">PRAWA OS\u00d3B, KT\u00d3RYCH DANE DOTYCZ\u0104<br \/>1. Ka\u017cda osoba, kt\u00f3rej\u00a0dane osobowe dotycz\u0105 ma\u00a0prawo do:<br \/>\uf0b7 dost\u0119pu do\u00a0swoich danych oraz\u00a0otrzymania ich kopii;<br \/>\uf0b7 sprostowania (poprawiania) swoich danych;<br \/>\uf0b7 \u017c\u0105dania usuni\u0119cia, ograniczenia lub wniesienia sprzeciwu wobec ich przetwarzania;<br \/>\uf0b7 przenoszenia danych ;<br \/>\uf0b7 wniesienia skargi do organu nadzorczego (Prezesa Urz\u0119du Ochrony Danych Osobowych, ul. Stawki 2, 00 \u2013 193 Warszawa);<br \/>\uf0b7 cofni\u0119cia Administratorowi zgody w dowolnym momencie bez wp\u0142ywu na zgodno\u015b\u0107 z prawem przetwarzania, kt\u00f3rego dokonano na podstawiezgody przed\u00a0jej cofni\u0119ciem.<\/p><p style=\\\"line-height: 1.7;\\\">BEZPIECZE\u0143STWO<br \/>1. Administrator uprzedza wszystkich korzystaj\u0105cych z witryny<span style=\\\"font-family: n27-bold-webfont;\\\"> almalegal.pl<\/span> (dalej jako \u201e<span style=\\\"font-family: n27-bold-webfont;\\\">U\u017cytkownicy<\/span>\u201d), \u017ce korzystanie z sieci Internet i przekazywanie danych osobowych drog\u0105 elektroniczn\u0105 mo\u017ce by\u0107 zagro\u017cone przedostaniem si\u0119 do systemu teleinformatycznego i urz\u0105dzenia U\u017cytkownika szkodliwego oprogramowania (malware), jak r\u00f3wnie\u017c grozi nieuprawnionym dost\u0119pem do\u00a0danych U\u017cytkownika przez\u00a0osoby trzecie.<br \/>2. W celu minimalizacji powy\u017cej wskazanych zagro\u017ce\u0144, U\u017cytkownik powinien stosowa\u0107 odpowiednie zabezpieczenia techniczne np. korzystanie z program\u00f3w do zarz\u0105dzania has\u0142ami dost\u0119pu, programy antywirusowe, bezpieczne przegl\u0105darki internetowe oraz oprogramowanie chroni\u0105ce identyfikacj\u0119 w\u00a0sieci Internet.<\/p><p style=\\\"line-height: 1.7;\\\">POSTANOWIENIA KO\u0143COWE<br \/>Polityka Prywatno\u015bci wchodzi w \u017cycie z chwil\u0105 jej opublikowania. Polityka Prywatno\u015bci jest na bie\u017c\u0105co weryfikowana i w razie konieczno\u015bci aktualizowana \u2013 Administrator zastrzega sobie prawo do\u00a0zmiany niniejszej Polityki Prywatno\u015bci<br \/>w\u00a0ka\u017cdym czasie.<\/p>\",\r\n      \"align\": \"middle\",\r\n      \"row\": 0,\r\n      \"col\": 0,\r\n      \"colspan\": 7,\r\n      \"offsetx\": 0,\r\n      \"offsety\": 0,\r\n      \"spaceabove\": 0,\r\n      \"spacebelow\": 0,\r\n      \"yvel\": 1,\r\n      \"push\": 0,\r\n      \"relid\": 2,\r\n      \"absolute_position\": false,\r\n      \"frameOverflow\": \"\"\r\n    }\r\n  ]\r\n}","phonegrid":"{\r\n  \"colCount\": 12,\r\n  \"colGutter\": 1,\r\n  \"rowGutters\": [],\r\n  \"frameMargin\": 5,\r\n  \"topFrameMargin\": \"10\",\r\n  \"rightFrameMargin\": 5,\r\n  \"bottomFrameMargin\": \"10\",\r\n  \"leftFrameMargin\": 5,\r\n  \"mus\": {\r\n    \"colGutterMu\": \"%\",\r\n    \"rowGutterMu\": \"%\",\r\n    \"topFrameMu\": \"%\",\r\n    \"bottomFrameMu\": \"%\",\r\n    \"frameMu\": \"%\"\r\n  },\r\n  \"rowAttrs\": [\r\n    {\r\n      \"relid\": 3\r\n    }\r\n  ],\r\n  \"bgColor\": null,\r\n  \"bgImage\": null,\r\n  \"cont\": [\r\n    {\r\n      \"type\": \"text\",\r\n      \"cont\": \"<p style=\\\"line-height: 1.7;\\\"><span style=\\\"font-size: 30px;\\\">Polityka prywatno\u015bci<\/span><\/p><p>\u00a0<\/p><p style=\\\"line-height: 1.7;\\\">POSTANOWIENIA OG\u00d3LNE<br \/>1. Ochrona prywatno\u015bci i bezpiecze\u0144stwo danych osobowych s\u0105 dla nas istotnymi warto\u015bciami. W zwi\u0105zku z tym dbamy, aby nale\u017cycie zabezpiecza\u0107 dane osobowe oraz transparentnie okre\u015bli\u0107 zasady korzystania przez nas z\u00a0tych danych.<br \/>2. Niniejsza polityka prywatno\u015bci (dalej: \u201e<span style=\\\"font-family: n27-bold-webfont;\\\">Polityka Prywatno\u015bci<\/span>\u201d) stanowi realizacj\u0119 obowi\u0105zk\u00f3w informacyjnych na\u0142o\u017conych na administratora danych osobowych przez\u00a0rozporz\u0105dzenie Parlamentu Europejskiego i\u00a0Rady (UE)<br \/>2016\/679 z dnia 27 kwietnia 2016 r. w sprawie ochrony os\u00f3b fizycznych w zwi\u0105zku z przetwarzaniem danych osobowych i w sprawie swobodnego przep\u0142ywu takich danych oraz uchylenia dyrektywy 95\/46\/WE (og\u00f3lne rozporz\u0105dzenie o ochronie danych) (dalej: \u201e<span style=\\\"font-family: n27-bold-webfont;\\\">RODO<\/span>\u201d) oraz w polskich przepisach wydanych w zwi\u0105zku\u00a0\u00a0RODO, w tym ustawie z dnia 10 maja 2018\u00a0r. o\u00a0ochronie danych osobowych.<br \/>3. Administrator zachowuje dane osobowe w poufno\u015bci i zabezpiecza je przed niepowo\u0142anym dost\u0119pem os\u00f3b trzecich na zasadach okre\u015blonych w\u00a0wy\u017cej wskazanych aktach prawnych, a\u00a0tak\u017ce w\u00a0Polityce Prywatno\u015bci.<\/p><p style=\\\"line-height: 1.7;\\\">ADMINISTRATOR DANYCH OSOBOWYCH<br \/>Administratorem danych osobowych jest<span style=\\\"font-family: n27-bold-webfont;\\\"> Kancelaria Adwokacka Adwokat Alan Majewski<span style=\\\"font-family: n27-regular-webfont;\\\">,<\/span><\/span> ul. H. Modrzejewskiej 40A\/3, 75-734 Koszalin, o numerze NIP 6692587880 (dalej: \u201e<span style=\\\"font-family: n27-bold-webfont;\\\">Administrator<\/span>\u201d).<\/p><p style=\\\"line-height: 1.7;\\\">INSPEKTOR OCHRONY DANYCH OSOBOWYCH<br \/>Administrator nie wyznaczy\u0142 inspektora ochrony danych osobowych. W przypadku pyta\u0144 lub w\u0105tpliwo\u015bci dotycz\u0105cych sposobu, formy lub zakresu przetwarzania danych osobowych prosimy o kontakt poprzez adres e-mail: a.majewski@almalegal.pl oraz listownie na adres korespondencyjny: ul. H. Modrzejewskiej 40A\/3, 75-734 Koszalin.<\/p><p style=\\\"line-height: 1.7;\\\">SPOS\u00d3B ORAZ\u00a0CEL PRZETWARZANIA DANYCH<br \/>1. Podanie danych osobowych jest dobrowolne, jednak\u017ce brak ich podania mo\u017ce spowodowa\u0107 brak lub ograniczenie mo\u017cliwo\u015bci \u015bwiadczenia us\u0142ug pomocy prawnej w zakresie, w jakim us\u0142ugi nie mog\u0105 by\u0107 \u015bwiadczone bez posiadania takich danych osobowych.<br \/>2. Dane osobowe s\u0105 przetwarzane przez Administratora w nast\u0119puj\u0105cych z uwzgl\u0119dnieniem nast\u0119puj\u0105cych cel\u00f3w oraz podstaw: marketingowych, tj. poinformowania o najnowszych ofertach, dost\u0119pnych produktach lub promocjach przy wyra\u017conej przez U\u017cytkownika odr\u0119bnej dobrowolnej zgody w formularzu kontaktowym (art. 6 ust. 1 lit. a RODO).w celu wype\u0142nienia ci\u0105\u017c\u0105cych na Administratorze obowi\u0105zk\u00f3w prawnych, w tym wynikaj\u0105cych z przepis\u00f3w podatkowych, przepis\u00f3w o rachunkowo\u015bci, czy te\u017c przepis\u00f3w o przeciwdzia\u0142aniu praniu pieni\u0119dzy i finansowaniu terroryzmu oraz w celu analizy konfliktu interes\u00f3w (art. 6 ust. 1 lit. c RODO); w zakresie w jakim jest to niezb\u0119dne do celu wynikaj\u0105cego z prawnie uzasadnionych interes\u00f3w realizowanych przez Administratora, jakim jest zapewnienie mo\u017cliwo\u015bci dochodzenia oraz obrony przed roszczeniami, marketing us\u0142ug oraz zapewnienie bezpiecze\u0144stwa teleinformatycznego zwi\u0105zanego z witryn\u0105 <span style=\\\"font-family: n27-bold-webfont;\\\">almalegal.pl<\/span> (art. 6 ust. 1 lit. f RODO);<br \/>3. Dane osobowe przetwarzane przez Administratora nie s\u0105 przedmiotem profilowania jako jednej z form zautomatyzowanego przetwarzania danych osobowych.<\/p><p style=\\\"line-height: 1.7;\\\">OKRES PRZETWARZANIA DANYCH<br \/>1. Dane osobowe os\u00f3b podane w celu otrzymania informacji handlowej b\u0119dziemy przetwarza\u0107 przez ca\u0142y czas istnienia naszego uzasadnionego interesu polegaj\u0105cego na marketingu us\u0142ug w\u0142asnych, nie d\u0142u\u017cej ni\u017c do czasu wniesienia sprzeciwu lub wycofania zgody na podstawie ustawy o \u015bwiadczeniu us\u0142ug drog\u0105 elektroniczn\u0105 lub Prawa telekomunikacyjne.<br \/>2. Z up\u0142ywem czasu okre\u015blonego powy\u017cej, dane b\u0119d\u0105 usuwane, o ile ich przetwarzanie nie b\u0119dzie konieczne w oparciu o inn\u0105 podstaw\u0119 prawn\u0105. W przypadku alert\u00f3w prawnych, dane osobowe b\u0119d\u0105 przetwarzane do czasu wyra\u017cenia przez osob\u0119, kt\u00f3re dane dotycz\u0105 sprzeciwu wobec dalszego przetwarzania danych osobowych w celach wysy\u0142ania alert\u00f3w prawnych albo\u00a0odwo\u0142ania zgody na\u00a0wysy\u0142anie wiadomo\u015bci o\u00a0takiej tre\u015bci.<br \/>3. Dane osobowe nie b\u0119d\u0105 przekazywane do pa\u0144stw trzecich (tj. poza Europejski Obszar Gospodarczy). W przypadku przekazania danych osobowych do pa\u0144stw trzecich znajduj\u0105cych si\u0119 poza EOG, Administrator zastosuje odpowiednie instrumenty maj\u0105ce na celu zapewnienie bezpiecze\u0144stwa tych danych.<\/p><p style=\\\"line-height: 1.7;\\\">ODBIORCY DANYCH<br \/>1. Administrator mo\u017ce powierza\u0107 przetwarzanie danych osobowych podmiotom przetwarzaj\u0105cym dane osobowe na zlecenie Administratora, takim jak: dostawca hostingu dla Administratora, dostawca poczty elektronicznej, informatycy, operator telefoniczny, s\u0142u\u017cby pa\u0144stwowe, s\u0105dy, firmy kurierskie oraz\u00a0pocztowe.<br \/>2. Dane osobowe przetwarzane przez Administratora mog\u0105 by\u0107 tak\u017ce udost\u0119pnione odpowiednim organom pa\u0144stwowym na ich \u017c\u0105danie na podstawie odpowiednich przepis\u00f3w prawa lub innym osobom i podmiotom \u2013 w\u00a0przypadkach przewidzianych przez\u00a0przepisy prawa.<br \/>3. Udost\u0119pnienie danych osobowych podmiotom nieuprawnionym wed\u0142ug niniejszej Polityki Prywatno\u015bci, mo\u017ce nast\u0105pi\u0107 wy\u0142\u0105cznie za dobrowoln\u0105 zgod\u0105 wyra\u017con\u0105 przez\u00a0osob\u0119, kt\u00f3rej\u00a0te\u00a0dane dotycz\u0105.<\/p><p style=\\\"line-height: 1.7;\\\">PRAWA OS\u00d3B, KT\u00d3RYCH DANE DOTYCZ\u0104<br \/>1. Ka\u017cda osoba, kt\u00f3rej\u00a0dane osobowe dotycz\u0105 ma\u00a0prawo do:<br \/>\uf0b7 dost\u0119pu do\u00a0swoich danych oraz\u00a0otrzymania ich kopii;<br \/>\uf0b7 sprostowania (poprawiania) swoich danych;<br \/>\uf0b7 \u017c\u0105dania usuni\u0119cia, ograniczenia lub wniesienia sprzeciwu wobec ich przetwarzania;<br \/>\uf0b7 przenoszenia danych ;<br \/>\uf0b7 wniesienia skargi do organu nadzorczego (Prezesa Urz\u0119du Ochrony Danych Osobowych, ul. Stawki 2, 00 \u2013 193 Warszawa);<br \/>\uf0b7 cofni\u0119cia Administratorowi zgody w dowolnym momencie bez wp\u0142ywu na zgodno\u015b\u0107 z prawem przetwarzania, kt\u00f3rego dokonano na podstawiezgody przed\u00a0jej cofni\u0119ciem.<\/p><p style=\\\"line-height: 1.7;\\\">BEZPIECZE\u0143STWO<br \/>1. Administrator uprzedza wszystkich korzystaj\u0105cych z witryny<span style=\\\"font-family: n27-bold-webfont;\\\"> almalegal.pl<\/span> (dalej jako \u201e<span style=\\\"font-family: n27-bold-webfont;\\\">U\u017cytkownicy<\/span>\u201d), \u017ce korzystanie z sieci Internet i przekazywanie danych osobowych drog\u0105 elektroniczn\u0105 mo\u017ce by\u0107 zagro\u017cone przedostaniem si\u0119 do systemu teleinformatycznego i urz\u0105dzenia U\u017cytkownika szkodliwego oprogramowania (malware), jak r\u00f3wnie\u017c grozi nieuprawnionym dost\u0119pem do\u00a0danych U\u017cytkownika przez\u00a0osoby trzecie.<br \/>2. W celu minimalizacji powy\u017cej wskazanych zagro\u017ce\u0144, U\u017cytkownik powinien stosowa\u0107 odpowiednie zabezpieczenia techniczne np. korzystanie z program\u00f3w do zarz\u0105dzania has\u0142ami dost\u0119pu, programy antywirusowe, bezpieczne przegl\u0105darki internetowe oraz oprogramowanie chroni\u0105ce identyfikacj\u0119 w\u00a0sieci Internet.<\/p><p style=\\\"line-height: 1.7;\\\">POSTANOWIENIA KO\u0143COWE<br \/>Polityka Prywatno\u015bci wchodzi w \u017cycie z chwil\u0105 jej opublikowania. Polityka Prywatno\u015bci jest na bie\u017c\u0105co weryfikowana i w razie konieczno\u015bci aktualizowana \u2013 Administrator zastrzega sobie prawo do\u00a0zmiany niniejszej Polityki Prywatno\u015bci<br \/>w\u00a0ka\u017cdym czasie.<\/p>\",\r\n      \"align\": \"bottom\",\r\n      \"row\": 0,\r\n      \"col\": 0,\r\n      \"colspan\": 12,\r\n      \"offsetx\": 0,\r\n      \"offsety\": 0,\r\n      \"spaceabove\": 0,\r\n      \"spacebelow\": 0,\r\n      \"yvel\": 1,\r\n      \"push\": 0,\r\n      \"relid\": 2,\r\n      \"absolute_position\": false\r\n    }\r\n  ]\r\n}","_links":{"self":[{"href":"https:\/\/almalegal.pl\/en\/wp-json\/wp\/v2\/pages\/208","targetHints":{"allow":["GET"]}}],"collection":[{"href":"https:\/\/almalegal.pl\/en\/wp-json\/wp\/v2\/pages"}],"about":[{"href":"https:\/\/almalegal.pl\/en\/wp-json\/wp\/v2\/types\/page"}],"author":[{"embeddable":true,"href":"https:\/\/almalegal.pl\/en\/wp-json\/wp\/v2\/users\/1"}],"replies":[{"embeddable":true,"href":"https:\/\/almalegal.pl\/en\/wp-json\/wp\/v2\/comments?post=208"}],"version-history":[{"count":0,"href":"https:\/\/almalegal.pl\/en\/wp-json\/wp\/v2\/pages\/208\/revisions"}],"wp:attachment":[{"href":"https:\/\/almalegal.pl\/en\/wp-json\/wp\/v2\/media?parent=208"}],"curies":[{"name":"wp","href":"https:\/\/api.w.org\/{rel}","templated":true}]}}